{"id":5210,"date":"2017-11-20T14:20:20","date_gmt":"2017-11-20T14:20:20","guid":{"rendered":"http:\/\/toyman.ch\/toys\/"},"modified":"2018-05-26T11:51:24","modified_gmt":"2018-05-26T11:51:24","slug":"toys","status":"publish","type":"page","link":"https:\/\/toyman.ch\/en\/toys\/","title":{"rendered":"Diecast Models"},"content":{"rendered":"<p>Dinky Toys France: Buick Roadmaster, Plymouth Belv\u00e9d\u00e8re, Studebaker Commander, Chrysler New Yorker &#8220;les belles Am\u00e9ricaines&#8221; and Citroen DS, what could be better? Many of these models are not for sale at the moment. There are duplicates that are listed.<\/p>\n<p><img loading=\"lazy\" class=\"alignnone size-large wp-image-4818\" src=\"http:\/\/toyman.ch\/page\/wp-content\/uploads\/2018\/05\/P1040951-Copy-1024x201.jpg\" alt=\"\" width=\"1024\" height=\"201\" srcset=\"https:\/\/toyman.ch\/page\/wp-content\/uploads\/2018\/05\/P1040951-Copy-1024x201.jpg 1024w, https:\/\/toyman.ch\/page\/wp-content\/uploads\/2018\/05\/P1040951-Copy-300x59.jpg 300w, https:\/\/toyman.ch\/page\/wp-content\/uploads\/2018\/05\/P1040951-Copy-768x150.jpg 768w, https:\/\/toyman.ch\/page\/wp-content\/uploads\/2018\/05\/P1040951-Copy.jpg 1920w\" sizes=\"(max-width: 1024px) 100vw, 1024px\" \/><\/p>\n<p><img loading=\"lazy\" class=\"alignnone size-large wp-image-988\" src=\"http:\/\/toyman.ch\/page\/wp-content\/uploads\/2018\/01\/P1040955-Copy-1024x701.jpg\" alt=\"\" width=\"1024\" height=\"701\" srcset=\"https:\/\/toyman.ch\/page\/wp-content\/uploads\/2018\/01\/P1040955-Copy-1024x701.jpg 1024w, https:\/\/toyman.ch\/page\/wp-content\/uploads\/2018\/01\/P1040955-Copy-300x205.jpg 300w, https:\/\/toyman.ch\/page\/wp-content\/uploads\/2018\/01\/P1040955-Copy-768x525.jpg 768w, https:\/\/toyman.ch\/page\/wp-content\/uploads\/2018\/01\/P1040955-Copy.jpg 2048w\" sizes=\"(max-width: 1024px) 100vw, 1024px\" \/><\/p>\n","protected":false},"excerpt":{"rendered":"<p>Dinky Toys France: Buick Roadmaster, Plymouth Belv\u00e9d\u00e8re, Studebaker Commander, Chrysler New Yorker &#8220;les belles Am\u00e9ricaines&#8221; and Citroen DS, what could be better? Many of these models are not for sale at the moment. There are duplicates that are listed.<\/p>\n","protected":false},"author":1,"featured_media":0,"parent":0,"menu_order":10,"comment_status":"closed","ping_status":"closed","template":"","meta":[],"_links":{"self":[{"href":"https:\/\/toyman.ch\/en\/wp-json\/wp\/v2\/pages\/5210"}],"collection":[{"href":"https:\/\/toyman.ch\/en\/wp-json\/wp\/v2\/pages"}],"about":[{"href":"https:\/\/toyman.ch\/en\/wp-json\/wp\/v2\/types\/page"}],"author":[{"embeddable":true,"href":"https:\/\/toyman.ch\/en\/wp-json\/wp\/v2\/users\/1"}],"replies":[{"embeddable":true,"href":"https:\/\/toyman.ch\/en\/wp-json\/wp\/v2\/comments?post=5210"}],"version-history":[{"count":1,"href":"https:\/\/toyman.ch\/en\/wp-json\/wp\/v2\/pages\/5210\/revisions"}],"predecessor-version":[{"id":5212,"href":"https:\/\/toyman.ch\/en\/wp-json\/wp\/v2\/pages\/5210\/revisions\/5212"}],"wp:attachment":[{"href":"https:\/\/toyman.ch\/en\/wp-json\/wp\/v2\/media?parent=5210"}],"curies":[{"name":"wp","href":"https:\/\/api.w.org\/{rel}","templated":true}]}}