{"id":4860,"date":"2018-03-12T18:13:05","date_gmt":"2018-03-12T18:13:05","guid":{"rendered":"http:\/\/toyman.ch\/?page_id=4860"},"modified":"2019-11-29T18:59:16","modified_gmt":"2019-11-29T18:59:16","slug":"bewertung-der-modelle","status":"publish","type":"page","link":"https:\/\/toyman.ch\/fr\/bewertung-der-modelle\/","title":{"rendered":"EVALUATION DES MODELES"},"content":{"rendered":"<p>Les photos font toujours partie de la description, je suis toujours pr\u00eat \u00e0 r\u00e9pondre aux questions. Ces images macro montrent tout d&rsquo;une mani\u00e8re souvent brutale, dans Natura les mod\u00e8les ont toujours l&rsquo;air (beaucoup) mieux.<\/p>\n<p>29.11.2019 Avis concernant la collection qui apparait dans les derniers articles. MINT et NM sont exclus l\u00e0. La graduation commence \u00e0 A+ (virtuellement mint)<\/p>\n<p>MINT : le mod\u00e8le est flambant neuf (extr\u00eamement rare)<\/p>\n<p>NM: proche du mint, le mod\u00e8le est (virtuellement) impeccable, peut-\u00eatre de tr\u00e8s petites erreurs.<\/p>\n<p>A : Tr\u00e8s bon \u00e9tat, le mod\u00e8le peut par exemple pr\u00e9senter un petit d\u00e9faut de peinture.<\/p>\n<p>B : bon \u00e9tat, peut par exemple avoir un d\u00e9faut de peinture ou une petite fissure dans le pare-brise, etc.<\/p>\n<p>C : assez bien enregistr\u00e9 \/ dommages \/ pi\u00e8ces manquantes (celles-ci sont toujours explicitement mentionn\u00e9es)<\/p>\n<p>D : mauvais \u00e0 tr\u00e8s mauvais \u00e9tat, fortement endommag\u00e9 et pi\u00e8ces manquantes.<\/p>\n<p>Il n&rsquo;est pas facile de faire une \u00e9chelle significative, mais dans la plupart des cas, les images racontent l&rsquo;histoire.<\/p>\n","protected":false},"excerpt":{"rendered":"<p>Les photos font toujours partie de la description, je suis toujours pr\u00eat \u00e0 r\u00e9pondre aux questions. Ces images macro montrent tout d&rsquo;une mani\u00e8re souvent brutale, dans Natura les mod\u00e8les ont toujours l&rsquo;air (beaucoup) mieux. 29.11.2019 Avis concernant la collection qui apparait dans les derniers articles. MINT et NM sont exclus l\u00e0. La graduation commence \u00e0 &#8230; <a title=\"EVALUATION DES MODELES\" class=\"read-more\" href=\"https:\/\/toyman.ch\/fr\/bewertung-der-modelle\/\" aria-label=\"En savoir plus sur EVALUATION DES MODELES\">Lire la suite<\/a><\/p>\n","protected":false},"author":1,"featured_media":0,"parent":0,"menu_order":0,"comment_status":"closed","ping_status":"closed","template":"","meta":[],"_links":{"self":[{"href":"https:\/\/toyman.ch\/fr\/wp-json\/wp\/v2\/pages\/4860"}],"collection":[{"href":"https:\/\/toyman.ch\/fr\/wp-json\/wp\/v2\/pages"}],"about":[{"href":"https:\/\/toyman.ch\/fr\/wp-json\/wp\/v2\/types\/page"}],"author":[{"embeddable":true,"href":"https:\/\/toyman.ch\/fr\/wp-json\/wp\/v2\/users\/1"}],"replies":[{"embeddable":true,"href":"https:\/\/toyman.ch\/fr\/wp-json\/wp\/v2\/comments?post=4860"}],"version-history":[{"count":7,"href":"https:\/\/toyman.ch\/fr\/wp-json\/wp\/v2\/pages\/4860\/revisions"}],"predecessor-version":[{"id":21242,"href":"https:\/\/toyman.ch\/fr\/wp-json\/wp\/v2\/pages\/4860\/revisions\/21242"}],"wp:attachment":[{"href":"https:\/\/toyman.ch\/fr\/wp-json\/wp\/v2\/media?parent=4860"}],"curies":[{"name":"wp","href":"https:\/\/api.w.org\/{rel}","templated":true}]}}