{"id":5151,"date":"2018-03-12T21:30:27","date_gmt":"2018-03-12T21:30:27","guid":{"rendered":"http:\/\/toyman.ch\/hinweise-zu-preisen\/"},"modified":"2018-05-26T09:24:19","modified_gmt":"2018-05-26T09:24:19","slug":"hinweise-zu-preisen","status":"publish","type":"page","link":"https:\/\/toyman.ch\/fr\/hinweise-zu-preisen\/","title":{"rendered":"info sur les prix"},"content":{"rendered":"<p>Les prix des mod\u00e8les \u00ab\u00a0diecast\u00a0\u00bb (et d&rsquo;autres jouets antiques (en t\u00f4le) \u00e0 prix \u00e9lev\u00e9) sont fortement en fonction de la qualit\u00e9 et de la raret\u00e9. Avec la diminution de la qualit\u00e9 le prix diminue fortement, si un mod\u00e8le est rare, il garde aussi la valeur avec moins de qualit\u00e9. Lorsqu&rsquo;un mod\u00e8le est parfait, il co\u00fbte rapidement 30% de plus qu&rsquo;un mod\u00e8le avec m\u00eame un petit dommage. J&rsquo;ai fix\u00e9 les prix en fonction de ces crit\u00e8res. Voir aussi le <a href=\"https:\/\/toyman.ch\/fr\/bewertung-der-modelle\/\">tabtableau d&rsquo;\u00e9valuation\u00a0<\/a>en haut du menu Diecast.<\/p>\n<p>Je suis sur le march\u00e9 depuis longtemps, aux bourses et plus t\u00f4t aussi sur l&rsquo;internet et je connais les prix. Chaque vendeur a d\u00fb ajuster les prix au cours des derni\u00e8res ann\u00e9es s&rsquo;il voulait vendre. Cependant, beaucoup d&rsquo;acheteurs exag\u00e8rent avec leurs id\u00e9es de prix. La qualit\u00e9 et la raret\u00e9 ont encore leur prix. Les prix peuvent toujours \u00eatre discut\u00e9s. Avec certains articles, je ne c\u00e9derai pas ou seulement un peu, avec d&rsquo;autres plus.<\/p>\n<p>Les prix des articles vendus correspondent TOUJOURS au prix de vente. C&rsquo;est-\u00e0-dire, je corrige le prix sur le site web, en fonction des capacit\u00e9s de n\u00e9gociation de l&rsquo;acheteur et de la coop\u00e9ration de ma part. Il existe des plates-formes (\u00e9galement renomm\u00e9es&#8230;) qui publient des prix de vente plus \u00e9lev\u00e9s que ceux r\u00e9ellement atteints.<\/p>\n<p>Contrairement \u00e0 de nombreux autres domaines tels que les poup\u00e9es ou les trains, le secteur \u00ab\u00a0diecast\u00a0\u00bb est encore relativement stable, mais les prix ont \u00e9galement chut\u00e9 ici. Cependant, Dinky, Corgi, Tekno, Spot-on etcetera sont des devises stables. Les Anglais paient encore mieux et les Fran\u00e7ais g\u00e9missent depuis des ann\u00e9es. Cependant, si vous avez quelque chose de rare et de haute qualit\u00e9, les prix augmentent partout. En Suisse, la demande est limit\u00e9e en raison d&rsquo;un march\u00e9 relativement petit avec relativement peu de collectionneurs.<\/p>\n","protected":false},"excerpt":{"rendered":"<p>Les prix des mod\u00e8les \u00ab\u00a0diecast\u00a0\u00bb (et d&rsquo;autres jouets antiques (en t\u00f4le) \u00e0 prix \u00e9lev\u00e9) sont fortement en fonction de la qualit\u00e9 et de la raret\u00e9. Avec la diminution de la qualit\u00e9 le prix diminue fortement, si un mod\u00e8le est rare, il garde aussi la valeur avec moins de qualit\u00e9. Lorsqu&rsquo;un mod\u00e8le est parfait, il co\u00fbte &#8230; <a title=\"info sur les prix\" class=\"read-more\" href=\"https:\/\/toyman.ch\/fr\/hinweise-zu-preisen\/\" aria-label=\"En savoir plus sur info sur les prix\">Lire la suite<\/a><\/p>\n","protected":false},"author":1,"featured_media":0,"parent":0,"menu_order":0,"comment_status":"closed","ping_status":"closed","template":"","meta":[],"_links":{"self":[{"href":"https:\/\/toyman.ch\/fr\/wp-json\/wp\/v2\/pages\/5151"}],"collection":[{"href":"https:\/\/toyman.ch\/fr\/wp-json\/wp\/v2\/pages"}],"about":[{"href":"https:\/\/toyman.ch\/fr\/wp-json\/wp\/v2\/types\/page"}],"author":[{"embeddable":true,"href":"https:\/\/toyman.ch\/fr\/wp-json\/wp\/v2\/users\/1"}],"replies":[{"embeddable":true,"href":"https:\/\/toyman.ch\/fr\/wp-json\/wp\/v2\/comments?post=5151"}],"version-history":[{"count":3,"href":"https:\/\/toyman.ch\/fr\/wp-json\/wp\/v2\/pages\/5151\/revisions"}],"predecessor-version":[{"id":5155,"href":"https:\/\/toyman.ch\/fr\/wp-json\/wp\/v2\/pages\/5151\/revisions\/5155"}],"wp:attachment":[{"href":"https:\/\/toyman.ch\/fr\/wp-json\/wp\/v2\/media?parent=5151"}],"curies":[{"name":"wp","href":"https:\/\/api.w.org\/{rel}","templated":true}]}}