{"id":5173,"date":"2018-01-25T15:03:22","date_gmt":"2018-01-25T15:03:22","guid":{"rendered":"http:\/\/toyman.ch\/kontakt-bestellung\/"},"modified":"2025-02-02T11:52:42","modified_gmt":"2025-02-02T11:52:42","slug":"kontakt-bestellung","status":"publish","type":"page","link":"https:\/\/toyman.ch\/fr\/kontakt-bestellung\/","title":{"rendered":"contact \/ commande \/ livraison"},"content":{"rendered":"\n<p>Pour commander ou contacter, veuillez envoyer un e-mail avec le nom de l&rsquo;article ou bien un image de celui \u00e0 <a href=\"mailto:info@toyman.ch\">info@toyman.ch<\/a>&nbsp; &#8211; on vous contacte aussit\u00f4t possible.<\/p>\n\n\n\n<p>Par t\u00e9l\u00e9phone: <br><img loading=\"lazy\" width=\"285\" height=\"23\" class=\"wp-image-43764\" style=\"width: 180px;\" src=\"http:\/\/toyman.ch\/page\/wp-content\/uploads\/2025\/02\/Screenshot-2025-02-02-121542.png\" alt=\"\"> <br>S&rsquo;il vous pla\u00eet premier contact par SMS ou Whatsapp. On vous rappelle.<\/p>\n\n\n\n<p>Les articles peuvent \u00eatre enlev\u00e9s \u00e0 Berne ou livr\u00e9s en Suisse, courrier B \u00e0 CHF 10.<\/p>\n\n\n\n<p>Pour les objets encombrants tels que les meubles d&rsquo;exp\u00e9dition convenir livraison \/ enl\u00e8vement.<\/p>\n\n\n\n<p>Pour les exp\u00e9ditions \u00e0 l&rsquo;\u00e9tranger, demandez les frais de port. Je suis coop\u00e9ratif, je suis des fois \u00e0 l&rsquo;\u00e9tranger.<\/p>\n","protected":false},"excerpt":{"rendered":"<p>Pour commander ou contacter, veuillez envoyer un e-mail avec le nom de l&rsquo;article ou bien un image de celui \u00e0 info@toyman.ch&nbsp; &#8211; on vous contacte aussit\u00f4t possible. Par t\u00e9l\u00e9phone: S&rsquo;il vous pla\u00eet premier contact par SMS ou Whatsapp. On vous rappelle. Les articles peuvent \u00eatre enlev\u00e9s \u00e0 Berne ou livr\u00e9s en Suisse, courrier B \u00e0 &#8230; <a title=\"contact \/ commande \/ livraison\" class=\"read-more\" href=\"https:\/\/toyman.ch\/fr\/kontakt-bestellung\/\" aria-label=\"En savoir plus sur contact \/ commande \/ livraison\">Lire la suite<\/a><\/p>\n","protected":false},"author":1,"featured_media":0,"parent":0,"menu_order":0,"comment_status":"closed","ping_status":"closed","template":"","meta":[],"_links":{"self":[{"href":"https:\/\/toyman.ch\/fr\/wp-json\/wp\/v2\/pages\/5173"}],"collection":[{"href":"https:\/\/toyman.ch\/fr\/wp-json\/wp\/v2\/pages"}],"about":[{"href":"https:\/\/toyman.ch\/fr\/wp-json\/wp\/v2\/types\/page"}],"author":[{"embeddable":true,"href":"https:\/\/toyman.ch\/fr\/wp-json\/wp\/v2\/users\/1"}],"replies":[{"embeddable":true,"href":"https:\/\/toyman.ch\/fr\/wp-json\/wp\/v2\/comments?post=5173"}],"version-history":[{"count":6,"href":"https:\/\/toyman.ch\/fr\/wp-json\/wp\/v2\/pages\/5173\/revisions"}],"predecessor-version":[{"id":43788,"href":"https:\/\/toyman.ch\/fr\/wp-json\/wp\/v2\/pages\/5173\/revisions\/43788"}],"wp:attachment":[{"href":"https:\/\/toyman.ch\/fr\/wp-json\/wp\/v2\/media?parent=5173"}],"curies":[{"name":"wp","href":"https:\/\/api.w.org\/{rel}","templated":true}]}}