{"id":5213,"date":"2017-11-20T14:20:20","date_gmt":"2017-11-20T14:20:20","guid":{"rendered":"http:\/\/toyman.ch\/toys\/"},"modified":"2018-05-26T11:57:34","modified_gmt":"2018-05-26T11:57:34","slug":"toys","status":"publish","type":"page","link":"https:\/\/toyman.ch\/fr\/toys\/","title":{"rendered":"mod\u00e8les diecast"},"content":{"rendered":"<p>Dinky Toys France : Buick Roadmaster, Plymouth Belv\u00e9d\u00e8re, Studebaker Commander, Chrysler New Yorker, \u00ab\u00a0les belles Am\u00e9ricaines\u00a0\u00bb et Citroen DS, quoi de mieux ? Beaucoup de ces mod\u00e8les ne sont pas en vente pour le moment. Il y a des doublons qui sont ou seront list\u00e9s.<\/p>\n<p><img loading=\"lazy\" class=\"alignnone size-large wp-image-4818\" src=\"http:\/\/toyman.ch\/page\/wp-content\/uploads\/2018\/05\/P1040951-Copy-1024x201.jpg\" alt=\"\" width=\"1024\" height=\"201\" srcset=\"https:\/\/toyman.ch\/page\/wp-content\/uploads\/2018\/05\/P1040951-Copy-1024x201.jpg 1024w, https:\/\/toyman.ch\/page\/wp-content\/uploads\/2018\/05\/P1040951-Copy-300x59.jpg 300w, https:\/\/toyman.ch\/page\/wp-content\/uploads\/2018\/05\/P1040951-Copy-768x150.jpg 768w, https:\/\/toyman.ch\/page\/wp-content\/uploads\/2018\/05\/P1040951-Copy.jpg 1920w\" sizes=\"(max-width: 1024px) 100vw, 1024px\" \/><\/p>\n<p><img loading=\"lazy\" class=\"alignnone size-large wp-image-988\" src=\"http:\/\/toyman.ch\/page\/wp-content\/uploads\/2018\/01\/P1040955-Copy-1024x701.jpg\" alt=\"\" width=\"1024\" height=\"701\" srcset=\"https:\/\/toyman.ch\/page\/wp-content\/uploads\/2018\/01\/P1040955-Copy-1024x701.jpg 1024w, https:\/\/toyman.ch\/page\/wp-content\/uploads\/2018\/01\/P1040955-Copy-300x205.jpg 300w, https:\/\/toyman.ch\/page\/wp-content\/uploads\/2018\/01\/P1040955-Copy-768x525.jpg 768w, https:\/\/toyman.ch\/page\/wp-content\/uploads\/2018\/01\/P1040955-Copy.jpg 2048w\" sizes=\"(max-width: 1024px) 100vw, 1024px\" \/><\/p>\n","protected":false},"excerpt":{"rendered":"<p>Dinky Toys France : Buick Roadmaster, Plymouth Belv\u00e9d\u00e8re, Studebaker Commander, Chrysler New Yorker, \u00ab\u00a0les belles Am\u00e9ricaines\u00a0\u00bb et Citroen DS, quoi de mieux ? Beaucoup de ces mod\u00e8les ne sont pas en vente pour le moment. Il y a des doublons qui sont ou seront list\u00e9s.<\/p>\n","protected":false},"author":1,"featured_media":0,"parent":0,"menu_order":10,"comment_status":"closed","ping_status":"closed","template":"","meta":[],"_links":{"self":[{"href":"https:\/\/toyman.ch\/fr\/wp-json\/wp\/v2\/pages\/5213"}],"collection":[{"href":"https:\/\/toyman.ch\/fr\/wp-json\/wp\/v2\/pages"}],"about":[{"href":"https:\/\/toyman.ch\/fr\/wp-json\/wp\/v2\/types\/page"}],"author":[{"embeddable":true,"href":"https:\/\/toyman.ch\/fr\/wp-json\/wp\/v2\/users\/1"}],"replies":[{"embeddable":true,"href":"https:\/\/toyman.ch\/fr\/wp-json\/wp\/v2\/comments?post=5213"}],"version-history":[{"count":3,"href":"https:\/\/toyman.ch\/fr\/wp-json\/wp\/v2\/pages\/5213\/revisions"}],"predecessor-version":[{"id":5222,"href":"https:\/\/toyman.ch\/fr\/wp-json\/wp\/v2\/pages\/5213\/revisions\/5222"}],"wp:attachment":[{"href":"https:\/\/toyman.ch\/fr\/wp-json\/wp\/v2\/media?parent=5213"}],"curies":[{"name":"wp","href":"https:\/\/api.w.org\/{rel}","templated":true}]}}