{"id":5474,"date":"2018-03-12T13:03:55","date_gmt":"2018-03-12T13:03:55","guid":{"rendered":"http:\/\/toyman.ch\/?page_id=5474"},"modified":"2018-05-27T15:50:34","modified_gmt":"2018-05-27T15:50:34","slug":"provenance","status":"publish","type":"page","link":"https:\/\/toyman.ch\/fr\/provenance\/","title":{"rendered":"filtrer"},"content":{"rendered":"<p>Dans le menu, filtrez les mod\u00e8les selon diff\u00e9rents crit\u00e8res tels que le pays d&rsquo;origine des mod\u00e8les, l&rsquo;origine des grandes voitures, la marque de la voiture et la forme de la carrosserie.\u00a0 Sinon, utilisez la fonction de recherche.<\/p>\n<p>La plus belle voiture de tous les temps, la Studebaker Starliner 1953, commun\u00e9ment appel\u00e9e \u00ab\u00a0Loewy Coup\u00e9\u00a0\u00bb, n&rsquo;a pas \u00e9t\u00e9 con\u00e7ue par Raymond Loewy, mais seulement dans son bureau, par Robert E. Bourque, un styliste automobile qui travaillait pour le grand designer fran\u00e7ais.<\/p>\n<p><img loading=\"lazy\" class=\"alignnone size-large wp-image-2679\" src=\"http:\/\/toyman.ch\/page\/wp-content\/uploads\/2018\/03\/ML1953Stude_01_1200-1024x695.jpg\" alt=\"\" width=\"1024\" height=\"695\" srcset=\"https:\/\/toyman.ch\/page\/wp-content\/uploads\/2018\/03\/ML1953Stude_01_1200-1024x695.jpg 1024w, https:\/\/toyman.ch\/page\/wp-content\/uploads\/2018\/03\/ML1953Stude_01_1200-300x204.jpg 300w, https:\/\/toyman.ch\/page\/wp-content\/uploads\/2018\/03\/ML1953Stude_01_1200-768x522.jpg 768w, https:\/\/toyman.ch\/page\/wp-content\/uploads\/2018\/03\/ML1953Stude_01_1200.jpg 1200w\" sizes=\"(max-width: 1024px) 100vw, 1024px\" \/><\/p>\n<p>Plus sur \u00e7a ici:\u00a0 (thanks for the pic)<\/p>\n<p><a href=\"https:\/\/www.hemmings.com\/blog\/2012\/05\/07\/cars-ive-loved-and-hated-michael-lamms-unauthorized-auto-biography-chapter-13-1953-studebaker\/\" target=\"_blank\" rel=\"noopener\">Cars I\u2019ve Loved and Hated \u2013 Michael Lamm &#8211; Studebaker Starliner 1953\u00a7<\/a><\/p>\n","protected":false},"excerpt":{"rendered":"<p>Dans le menu, filtrez les mod\u00e8les selon diff\u00e9rents crit\u00e8res tels que le pays d&rsquo;origine des mod\u00e8les, l&rsquo;origine des grandes voitures, la marque de la voiture et la forme de la carrosserie.\u00a0 Sinon, utilisez la fonction de recherche. La plus belle voiture de tous les temps, la Studebaker Starliner 1953, commun\u00e9ment appel\u00e9e \u00ab\u00a0Loewy Coup\u00e9\u00a0\u00bb, n&rsquo;a pas &#8230; <a title=\"filtrer\" class=\"read-more\" href=\"https:\/\/toyman.ch\/fr\/provenance\/\" aria-label=\"En savoir plus sur filtrer\">Lire la suite<\/a><\/p>\n","protected":false},"author":1,"featured_media":0,"parent":0,"menu_order":0,"comment_status":"closed","ping_status":"closed","template":"","meta":[],"_links":{"self":[{"href":"https:\/\/toyman.ch\/fr\/wp-json\/wp\/v2\/pages\/5474"}],"collection":[{"href":"https:\/\/toyman.ch\/fr\/wp-json\/wp\/v2\/pages"}],"about":[{"href":"https:\/\/toyman.ch\/fr\/wp-json\/wp\/v2\/types\/page"}],"author":[{"embeddable":true,"href":"https:\/\/toyman.ch\/fr\/wp-json\/wp\/v2\/users\/1"}],"replies":[{"embeddable":true,"href":"https:\/\/toyman.ch\/fr\/wp-json\/wp\/v2\/comments?post=5474"}],"version-history":[{"count":4,"href":"https:\/\/toyman.ch\/fr\/wp-json\/wp\/v2\/pages\/5474\/revisions"}],"predecessor-version":[{"id":6221,"href":"https:\/\/toyman.ch\/fr\/wp-json\/wp\/v2\/pages\/5474\/revisions\/6221"}],"wp:attachment":[{"href":"https:\/\/toyman.ch\/fr\/wp-json\/wp\/v2\/media?parent=5474"}],"curies":[{"name":"wp","href":"https:\/\/api.w.org\/{rel}","templated":true}]}}