{"id":5505,"date":"2016-05-10T03:48:21","date_gmt":"2016-05-10T03:48:21","guid":{"rendered":"http:\/\/toyman.ch\/sample-page\/"},"modified":"2018-05-27T11:37:28","modified_gmt":"2018-05-27T11:37:28","slug":"sample-page","status":"publish","type":"page","link":"https:\/\/toyman.ch\/fr\/sample-page\/","title":{"rendered":"objets \/ meubles"},"content":{"rendered":"<p>En bref quelque chose sur le \u00ab\u00a0design d&rsquo;un produit en termes d&rsquo;apparence visuelle et de facilit\u00e9 d&rsquo;utilisation\u00a0\u00bb. Une d\u00e9finition du design. Pour moi, un produit est g\u00e9nial quand il est attractif, il est attrayant \u00e0 regarder, et il est fonctionnel, simple et intuitif \u00e0 utiliser, quand les fonctions sont brillamment impl\u00e9ment\u00e9es et int\u00e9gr\u00e9es. Un produit ne doit pas n\u00e9cessairement \u00eatre cher ou porter une marque c\u00e9l\u00e8bre. L&rsquo;\u00e9tiquette \u00ab\u00a0design\u00a0\u00bb est tellement tendue aujourd&rsquo;hui qu&rsquo;elle est presque aga\u00e7ante. Chaque produit est design, on doit demander quel type, quelle qualit\u00e9. Le terme \u00ab\u00a0design\u00a0\u00bb devrait \u00eatre pr\u00e9cis\u00e9 plus en d\u00e9tail. Soit vous pouvez utiliser quelque chose ou pas, c&rsquo;est fonctionnel ou pas et vous l&rsquo;aimez ou pas. Avec trois succ\u00e8s, le produit me convient en grande partie.<\/p>\n<p>\u00c0 un moment donn\u00e9, j&rsquo;ai trouv\u00e9 mes articles quelque part, en partie \u00e0 l&rsquo;\u00e9tranger, en partie \u00e0 c\u00f4t\u00e9. Plusieurs choses ont \u00e9t\u00e9 test\u00e9es par moi dans la vie de tous les jours. Si quelque chose a une fonction, c&rsquo;est le plus important que \u00e7a joue.<\/p>\n<p><img loading=\"lazy\" class=\"alignnone size-large wp-image-1453\" src=\"http:\/\/toyman.ch\/page\/wp-content\/uploads\/2018\/01\/xxP1050102-Copy-642x1024.jpg\" alt=\"\" width=\"642\" height=\"1024\" srcset=\"https:\/\/toyman.ch\/page\/wp-content\/uploads\/2018\/01\/xxP1050102-Copy-642x1024.jpg 642w, https:\/\/toyman.ch\/page\/wp-content\/uploads\/2018\/01\/xxP1050102-Copy-188x300.jpg 188w, https:\/\/toyman.ch\/page\/wp-content\/uploads\/2018\/01\/xxP1050102-Copy.jpg 752w\" sizes=\"(max-width: 642px) 100vw, 642px\" \/><\/p>\n<p><a href=\"http:\/\/toyman.ch\/page\/070-kommode-nachtische-pago\/\"><img loading=\"lazy\" class=\"alignnone size-large wp-image-1623\" src=\"http:\/\/toyman.ch\/page\/wp-content\/uploads\/2018\/01\/P1020840-Copy-1024x684.jpg\" alt=\"\" width=\"1024\" height=\"684\" srcset=\"https:\/\/toyman.ch\/page\/wp-content\/uploads\/2018\/01\/P1020840-Copy-1024x684.jpg 1024w, https:\/\/toyman.ch\/page\/wp-content\/uploads\/2018\/01\/P1020840-Copy-300x200.jpg 300w, https:\/\/toyman.ch\/page\/wp-content\/uploads\/2018\/01\/P1020840-Copy-768x513.jpg 768w, https:\/\/toyman.ch\/page\/wp-content\/uploads\/2018\/01\/P1020840-Copy.jpg 1600w\" sizes=\"(max-width: 1024px) 100vw, 1024px\" \/><\/a><\/p>\n<p><a href=\"http:\/\/toyman.ch\/page\/0069-spaghettistuehle-franzoesisch\/\"><img loading=\"lazy\" class=\"alignnone size-large wp-image-1342\" src=\"http:\/\/toyman.ch\/page\/wp-content\/uploads\/2018\/01\/20170805_185246-Copy-1024x576.jpg\" alt=\"\" width=\"1024\" height=\"576\" srcset=\"https:\/\/toyman.ch\/page\/wp-content\/uploads\/2018\/01\/20170805_185246-Copy-1024x576.jpg 1024w, https:\/\/toyman.ch\/page\/wp-content\/uploads\/2018\/01\/20170805_185246-Copy-300x169.jpg 300w, https:\/\/toyman.ch\/page\/wp-content\/uploads\/2018\/01\/20170805_185246-Copy-768x432.jpg 768w, https:\/\/toyman.ch\/page\/wp-content\/uploads\/2018\/01\/20170805_185246-Copy.jpg 1600w\" sizes=\"(max-width: 1024px) 100vw, 1024px\" \/><\/a><\/p>\n<p><a href=\"http:\/\/toyman.ch\/page\/0071-spaghettistuehle-gartenstuehle\/\"><img loading=\"lazy\" class=\"alignnone size-large wp-image-1366\" src=\"http:\/\/toyman.ch\/page\/wp-content\/uploads\/2018\/01\/20170807_170100-Copy-1024x576.jpg\" alt=\"\" width=\"1024\" height=\"576\" srcset=\"https:\/\/toyman.ch\/page\/wp-content\/uploads\/2018\/01\/20170807_170100-Copy-1024x576.jpg 1024w, https:\/\/toyman.ch\/page\/wp-content\/uploads\/2018\/01\/20170807_170100-Copy-300x169.jpg 300w, https:\/\/toyman.ch\/page\/wp-content\/uploads\/2018\/01\/20170807_170100-Copy-768x432.jpg 768w, https:\/\/toyman.ch\/page\/wp-content\/uploads\/2018\/01\/20170807_170100-Copy.jpg 1600w\" sizes=\"(max-width: 1024px) 100vw, 1024px\" \/><\/a><\/p>\n","protected":false},"excerpt":{"rendered":"<p>En bref quelque chose sur le \u00ab\u00a0design d&rsquo;un produit en termes d&rsquo;apparence visuelle et de facilit\u00e9 d&rsquo;utilisation\u00a0\u00bb. Une d\u00e9finition du design. Pour moi, un produit est g\u00e9nial quand il est attractif, il est attrayant \u00e0 regarder, et il est fonctionnel, simple et intuitif \u00e0 utiliser, quand les fonctions sont brillamment impl\u00e9ment\u00e9es et int\u00e9gr\u00e9es. Un produit &#8230; <a title=\"objets \/ meubles\" class=\"read-more\" href=\"https:\/\/toyman.ch\/fr\/sample-page\/\" aria-label=\"En savoir plus sur objets \/ meubles\">Lire la suite<\/a><\/p>\n","protected":false},"author":1,"featured_media":0,"parent":0,"menu_order":50,"comment_status":"closed","ping_status":"closed","template":"","meta":[],"_links":{"self":[{"href":"https:\/\/toyman.ch\/fr\/wp-json\/wp\/v2\/pages\/5505"}],"collection":[{"href":"https:\/\/toyman.ch\/fr\/wp-json\/wp\/v2\/pages"}],"about":[{"href":"https:\/\/toyman.ch\/fr\/wp-json\/wp\/v2\/types\/page"}],"author":[{"embeddable":true,"href":"https:\/\/toyman.ch\/fr\/wp-json\/wp\/v2\/users\/1"}],"replies":[{"embeddable":true,"href":"https:\/\/toyman.ch\/fr\/wp-json\/wp\/v2\/comments?post=5505"}],"version-history":[{"count":2,"href":"https:\/\/toyman.ch\/fr\/wp-json\/wp\/v2\/pages\/5505\/revisions"}],"predecessor-version":[{"id":5511,"href":"https:\/\/toyman.ch\/fr\/wp-json\/wp\/v2\/pages\/5505\/revisions\/5511"}],"wp:attachment":[{"href":"https:\/\/toyman.ch\/fr\/wp-json\/wp\/v2\/media?parent=5505"}],"curies":[{"name":"wp","href":"https:\/\/api.w.org\/{rel}","templated":true}]}}