{"id":8726,"date":"2018-06-06T19:52:20","date_gmt":"2018-06-06T19:52:20","guid":{"rendered":"http:\/\/toyman.ch\/mehrprachig-hinweise\/"},"modified":"2018-11-02T20:31:22","modified_gmt":"2018-11-02T20:31:22","slug":"mehrprachig-hinweise","status":"publish","type":"page","link":"https:\/\/toyman.ch\/fr\/mehrprachig-hinweise\/","title":{"rendered":"page multilingue > notices"},"content":{"rendered":"<p>J&rsquo;ai traduit le site web en quatre langues, les textes sont des versions plus ou moins \u00e9dit\u00e9es des r\u00e9sultats de <em><a href=\"http:\/\/www.deepl.com\/translator\" target=\"_blank\" rel=\"noopener\">www.deepl.com\/translator<\/a><\/em> &#8211; un excellent service de traduction sans lequel je n&rsquo;aurais jamais abord\u00e9 cette exercice. Le langage est certainement cahoteux ici et l\u00e0, mais j&rsquo;esp\u00e8re que le but sera atteint.<\/p>\n<p>Je suis bien vers\u00e9 en anglais\u00a0 et fran\u00e7ais, en espagnol je manque actuellement de pratique, mais la communication n&rsquo;est certainement pas un probl\u00e8me. Je peux bien communiquer en italien \u00e9crit, mais je ne veux pas passer d&rsquo;appels t\u00e9l\u00e9phoniques. Si je n&rsquo;avais pas de passion pour les langues, je n&rsquo;aurais pas fait cette \u00e9tude. Je me r\u00e9jouis certainement des contacts internationaux. &#8211; 06.06.2018<\/p>\n","protected":false},"excerpt":{"rendered":"<p>J&rsquo;ai traduit le site web en quatre langues, les textes sont des versions plus ou moins \u00e9dit\u00e9es des r\u00e9sultats de www.deepl.com\/translator &#8211; un excellent service de traduction sans lequel je n&rsquo;aurais jamais abord\u00e9 cette exercice. Le langage est certainement cahoteux ici et l\u00e0, mais j&rsquo;esp\u00e8re que le but sera atteint. Je suis bien vers\u00e9 en &#8230; <a title=\"page multilingue &gt; notices\" class=\"read-more\" href=\"https:\/\/toyman.ch\/fr\/mehrprachig-hinweise\/\" aria-label=\"En savoir plus sur page multilingue &gt; notices\">Lire la suite<\/a><\/p>\n","protected":false},"author":1,"featured_media":0,"parent":0,"menu_order":0,"comment_status":"closed","ping_status":"closed","template":"","meta":[],"_links":{"self":[{"href":"https:\/\/toyman.ch\/fr\/wp-json\/wp\/v2\/pages\/8726"}],"collection":[{"href":"https:\/\/toyman.ch\/fr\/wp-json\/wp\/v2\/pages"}],"about":[{"href":"https:\/\/toyman.ch\/fr\/wp-json\/wp\/v2\/types\/page"}],"author":[{"embeddable":true,"href":"https:\/\/toyman.ch\/fr\/wp-json\/wp\/v2\/users\/1"}],"replies":[{"embeddable":true,"href":"https:\/\/toyman.ch\/fr\/wp-json\/wp\/v2\/comments?post=8726"}],"version-history":[{"count":7,"href":"https:\/\/toyman.ch\/fr\/wp-json\/wp\/v2\/pages\/8726\/revisions"}],"predecessor-version":[{"id":10829,"href":"https:\/\/toyman.ch\/fr\/wp-json\/wp\/v2\/pages\/8726\/revisions\/10829"}],"wp:attachment":[{"href":"https:\/\/toyman.ch\/fr\/wp-json\/wp\/v2\/media?parent=8726"}],"curies":[{"name":"wp","href":"https:\/\/api.w.org\/{rel}","templated":true}]}}